{"id":1178,"date":"2026-02-02T10:23:27","date_gmt":"2026-02-02T10:23:27","guid":{"rendered":"https:\/\/www.bellissimakosmetik.de\/?page_id=1178"},"modified":"2026-02-11T09:49:19","modified_gmt":"2026-02-11T09:49:19","slug":"anti-aging-mit-infuzion-system","status":"publish","type":"page","link":"https:\/\/www.bellissimakosmetik.de\/index.php\/anti-aging-mit-infuzion-system\/","title":{"rendered":"Infuzion System\u00ae Kosmetikbehandlung"},"content":{"rendered":"\n<figure class=\"wp-block-image size-large\"><img loading=\"lazy\" decoding=\"async\" width=\"1024\" height=\"412\" src=\"https:\/\/www.bellissimakosmetik.de\/wp-content\/uploads\/2026\/02\/teaser-Infuzion-treatment-1024x412.jpg\" alt=\"\" class=\"wp-image-1207\" srcset=\"https:\/\/www.bellissimakosmetik.de\/wp-content\/uploads\/2026\/02\/teaser-Infuzion-treatment-1024x412.jpg 1024w, https:\/\/www.bellissimakosmetik.de\/wp-content\/uploads\/2026\/02\/teaser-Infuzion-treatment-300x121.jpg 300w, https:\/\/www.bellissimakosmetik.de\/wp-content\/uploads\/2026\/02\/teaser-Infuzion-treatment-768x309.jpg 768w, https:\/\/www.bellissimakosmetik.de\/wp-content\/uploads\/2026\/02\/teaser-Infuzion-treatment-1536x617.jpg 1536w, https:\/\/www.bellissimakosmetik.de\/wp-content\/uploads\/2026\/02\/teaser-Infuzion-treatment.jpg 1600w\" sizes=\"auto, (max-width: 1024px) 100vw, 1024px\" \/><figcaption class=\"wp-element-caption\">Bild: LINEA Beaut\u00e9 GmbH<\/figcaption><\/figure>\n\n\n\n<h2 class=\"wp-block-heading\">Was ist Infuzion System\u00ae?<\/h2>\n\n\n\n<p>Mit der innovativen Technologie von INFUZION\u00ae ist es m\u00f6glich, insbesondere Menschen mit Angst vor Spritzen auf angenehme Art und Weise ohne Schmerzen und Nadeln zu behandeln. Das INFUZION System\u00ae ist eine weltweit gesch\u00fctzte und einzigartige Behandlungsmethode, die auf schonende Weise Wirkstoffe mit einer Molekularmasse bis zu 3 Millionen Dalton \u00fcber Haarfollikel und Schwei\u00dfdr\u00fcsen in die Hautzellen transportieren kann.<\/p>\n\n\n\n<h2 class=\"wp-block-heading\">Was kann ich mit Infuzion\u00ae behandeln?<\/h2>\n\n\n\n<div class=\"wp-block-columns is-layout-flex wp-container-core-columns-is-layout-9d6595d7 wp-block-columns-is-layout-flex\">\n<div class=\"wp-block-column is-layout-flow wp-block-column-is-layout-flow\">\n\t\t\t\n\t<style type=\"text\/css\">\n\t\t.slider-info-1188.bafg-slider-info .bafg-slider-title {\n\t\t\t\t\t\t\tfont-size:\n\t\t\t\t\t22px\t\t\t\t;\n\t\t\t\n\t\t\t\n\t\t\t\t\t}\n\n\t\t.slider-info-1188.bafg-slider-info .bafg-slider-description {\n\t\t\t\n\t\t\t\n\t\t\t\t\t}\n\t\t\n\t\t\n\t\t.slider-info-1188.bafg-slider-info .bafg_slider_readmore_button {\n\t\t\t\n\t\t\t\n\t\t\t\n\t\t\t\n\t\t\t\n\t\t\ttext-align: center;\n\n\t\t\t\n\t\t\t\n\t\t\t\n\t\t\t\n\t\t\t\t\t}\n\n\t\t.slider-info-1188.bafg-slider-info .bafg_slider_readmore_button:hover {\n\n\t\t\t\n\t\t\t\n\t\t\t\t\t}\n\t<\/style>\n\t\n\t\t\t<div class=\"bafg-twentytwenty-container slider-1188  \"\n\t\t\t\tbafg-orientation=\"horizontal\" bafg-default-offset=\"0.5\"\n\t\t\t\tbafg-before-label=\"Vorher\"\n\t\t\t\tbafg-after-label=\"Nachher\" bafg-overlay=\"1\"\n\t\t\t\tbafg-move-slider-on-hover=\"\"\n\t\t\t\tbafg-click-to-move=\"\">\n\n\t\t\t\t\t\t\t\t<img class=\"skip-lazy\" data-skip-lazy\t\t\t\t\tsrc=\"https:\/\/www.bellissimakosmetik.de\/wp-content\/uploads\/2026\/02\/Infuzion-vorher-1.jpg\" alt=\"Vorher\">\n\t\t\t\t<img class=\"skip-lazy\" data-skip-lazy\t\t\t\t\tsrc=\"https:\/\/www.bellissimakosmetik.de\/wp-content\/uploads\/2026\/02\/Infuzion-nacher-1.jpg\" alt=\"Nachher\">\n\n\t\t\t<\/div>\n\n\t\t\t\t<div class=\"bafg-slider-info-wraper\">\n\t\t<div style=\"\" class=\"slider-info-1188 bafg-slider-info\">\n\t\t\t\t\t<\/div>\n\t<\/div>\n\t\n\t\t\t<style type=\"text\/css\">\n\t\t\t\t\t\t\t\t\t\t\t<\/style>\n\t\t\t\n<\/div>\n\n\n\n<div class=\"wp-block-column is-layout-flow wp-block-column-is-layout-flow\">\n\t\t\t\n\t<style type=\"text\/css\">\n\t\t.slider-info-1197.bafg-slider-info .bafg-slider-title {\n\t\t\t\t\t\t\tfont-size:\n\t\t\t\t\t22px\t\t\t\t;\n\t\t\t\n\t\t\t\n\t\t\t\t\t}\n\n\t\t.slider-info-1197.bafg-slider-info .bafg-slider-description {\n\t\t\t\n\t\t\t\n\t\t\t\t\t}\n\t\t\n\t\t\n\t\t.slider-info-1197.bafg-slider-info .bafg_slider_readmore_button {\n\t\t\t\n\t\t\t\n\t\t\t\n\t\t\t\n\t\t\t\n\t\t\ttext-align: center;\n\n\t\t\t\n\t\t\t\n\t\t\t\n\t\t\t\n\t\t\t\t\t}\n\n\t\t.slider-info-1197.bafg-slider-info .bafg_slider_readmore_button:hover {\n\n\t\t\t\n\t\t\t\n\t\t\t\t\t}\n\t<\/style>\n\t\n\t\t\t<div class=\"bafg-twentytwenty-container slider-1197  \"\n\t\t\t\tbafg-orientation=\"horizontal\" bafg-default-offset=\"0.5\"\n\t\t\t\tbafg-before-label=\"Vorher\"\n\t\t\t\tbafg-after-label=\"Nachher\" bafg-overlay=\"1\"\n\t\t\t\tbafg-move-slider-on-hover=\"\"\n\t\t\t\tbafg-click-to-move=\"\">\n\n\t\t\t\t\t\t\t\t<img class=\"skip-lazy\" data-skip-lazy\t\t\t\t\tsrc=\"https:\/\/www.bellissimakosmetik.de\/wp-content\/uploads\/2026\/02\/Infuzion-vorher-3.jpg\" alt=\"Vorher\">\n\t\t\t\t<img class=\"skip-lazy\" data-skip-lazy\t\t\t\t\tsrc=\"https:\/\/www.bellissimakosmetik.de\/wp-content\/uploads\/2026\/02\/Infuzion-nacher-3.jpg\" alt=\"Nachher\">\n\n\t\t\t<\/div>\n\n\t\t\t\t<div class=\"bafg-slider-info-wraper\">\n\t\t<div style=\"\" class=\"slider-info-1197 bafg-slider-info\">\n\t\t\t\t\t<\/div>\n\t<\/div>\n\t\n\t\t\t<style type=\"text\/css\">\n\t\t\t\t\t\t\t\t\t\t\t<\/style>\n\t\t\t\n<\/div>\n<\/div>\n\n\n\n<p>Bilder: LINEA Beaut\u00e9 GmbH<\/p>\n\n\n\n<p>Mit dem INFUZION System\u00ae k\u00f6nnen verschiedene Bereiche wie Gesicht, Hals\/Dekollet\u00e9 und H\u00e4nde behandelt werden. Es ist auch m\u00f6glich, sich auf bestimmte Bereiche zu konzentrieren, z. B. dunkle Augenringe, Nasolabialfalten, Kr\u00e4henf\u00fc\u00dfe, Plisseefalten und Wangen. Die Behandlung hat eine sofortige Wirkung mit nat\u00fcrlichen Ergebnissen.<\/p>\n\n\n\n<p>Im Gegensatz zu vielen anderen Methoden kann INFUZION auch die empfindlichen Augenpartie behandeln, sichtbar revitalisieren und verbessern \u2013 sanft, pr\u00e4zise &amp; ohne Nadeln. Da Unterspritzungen in diesem Bereich besonders schwierig sind, bietet INFUZION die sanfte, aber effektive Alternative f\u00fcr eine jugendlich-frische Ausstrahlung.<\/p>\n\n\n\n<div style=\"height:20px\" aria-hidden=\"true\" class=\"wp-block-spacer\"><\/div>\n\n\n\n<figure class=\"wp-block-image size-full full-width-svg\"><img decoding=\"async\" src=\"https:\/\/www.bellissimakosmetik.de\/wp-content\/uploads\/2026\/02\/Infuzion-Anwendungsbereich.svg\" alt=\"\" class=\"wp-image-1184\"\/><\/figure>\n\n\n\n<h2 class=\"wp-block-heading\">Wie l\u00e4uft eine Infuzion-Behandlung ab?<\/h2>\n\n\n\n<p>Die Einarbeitung des sterilen INFUZION\u00ae Wirkstoffs in die Haut dauert ca. 20 bis 30 Minuten und erfolgt \u00fcber den an der Vorderseite des INFUZION\u00ae Ger\u00e4tes angebrachten Infuzers\/Rollers. Die Behandlung ist dank der weiterentwickelten lontophorese und patentierten Behandlungsmethode schmerzfrei und erzielt sichtbare nat\u00fcrliche Ergebnisse. Ihr Hautexperte wird Ihre Haut unmittelbar vor der INFUZION Behandlung und abgestimmt auf Ihren Hautzustand vorbereiten, bspw. mit einem Fruchts\u00e4urepeeling, den INFUZION 3D Peeling Pads oder anderen Kombinationsbehandlungen.<\/p>\n\n\n\n<h2 class=\"wp-block-heading\">Wie funktioniert Infuzion System\u00ae?<\/h2>\n\n\n\n<p>INFUZION System\u00ae ist eine neue, innovative lontophorese-Technologie, bei der die Haut ohne Nadeln, mit Hilfe eines Rollers, dem Infuzer und der medizinisch anerkannten Behandlungsmethode, der lontophorese, in Kombination mit steriler Hyalurons\u00e4ure und weiteren wertvollen Wirkstoffen versorgt wird.<\/p>\n\n\n\n<div class=\"wp-block-columns is-layout-flex wp-container-core-columns-is-layout-9d6595d7 wp-block-columns-is-layout-flex\">\n<div class=\"wp-block-column is-layout-flow wp-block-column-is-layout-flow\"><div class=\"wp-block-image\">\n<figure class=\"aligncenter size-full is-resized\"><img decoding=\"async\" src=\"https:\/\/www.bellissimakosmetik.de\/wp-content\/uploads\/2026\/02\/tiefenhydration.svg\" alt=\"TIEFENHYDRATION\" class=\"wp-image-1209\" style=\"object-fit:cover;width:150px;height:150px\"\/><\/figure>\n<\/div>\n\n\n<div style=\"height:10px\" aria-hidden=\"true\" class=\"wp-block-spacer\"><\/div>\n\n\n\n<p><strong>TIEFENHYDRATION<\/strong> mit Hyalurons\u00e4ure, die bis das 1000-fache ihres Eigengewichts an Wasser binden kann und dadurch ideal die verschiedenen Hautschichten mit Feuchtigkeit versortgt.<\/p>\n<\/div>\n\n\n\n<div class=\"wp-block-column is-layout-flow wp-block-column-is-layout-flow\"><div class=\"wp-block-image\">\n<figure class=\"aligncenter size-full is-resized\"><img decoding=\"async\" src=\"https:\/\/www.bellissimakosmetik.de\/wp-content\/uploads\/2026\/02\/volumeneffekt.svg\" alt=\"VOLUMENEFFEKT\" class=\"wp-image-1213\" style=\"object-fit:cover;width:150px;height:150px\"\/><\/figure>\n<\/div>\n\n\n<div style=\"height:10px\" aria-hidden=\"true\" class=\"wp-block-spacer\"><\/div>\n\n\n\n<p><strong>VOLUMENEFFEKT<\/strong> durch die spezifische Konzentration an Hyalurons\u00e4ure mit hoher Molek\u00fclmasse, die gro\u00dffl\u00e4chig eingebracht wird, feine Falten und Linien auff\u00e4llt.<\/p>\n<\/div>\n<\/div>\n\n\n\n<div class=\"wp-block-columns is-layout-flex wp-container-core-columns-is-layout-9d6595d7 wp-block-columns-is-layout-flex\">\n<div class=\"wp-block-column is-layout-flow wp-block-column-is-layout-flow\"><div class=\"wp-block-image\">\n<figure class=\"aligncenter size-full is-resized\"><img decoding=\"async\" src=\"https:\/\/www.bellissimakosmetik.de\/wp-content\/uploads\/2026\/02\/hautstrukur.svg\" alt=\"ST\u00c4RKUNG DER HAUTSTRUKTUR \" class=\"wp-image-1215\" style=\"object-fit:cover;width:150px;height:150px\"\/><\/figure>\n<\/div>\n\n\n<div style=\"height:10px\" aria-hidden=\"true\" class=\"wp-block-spacer\"><\/div>\n\n\n\n<p><strong>ST\u00c4RKUNG DER HAUTSTRUKTUR<\/strong> durch die Infuzion Behandlung mit aktiven Inhaltsstoffen, die die Kollagenbildung stimulieren.<\/p>\n<\/div>\n\n\n\n<div class=\"wp-block-column is-layout-flow wp-block-column-is-layout-flow\"><div class=\"wp-block-image\">\n<figure class=\"aligncenter size-full is-resized\"><img decoding=\"async\" src=\"https:\/\/www.bellissimakosmetik.de\/wp-content\/uploads\/2026\/02\/hautstrukur-2.svg\" alt=\"GLEICHM\u00c4BIGERE HAUTTEXTUR\" class=\"wp-image-1214\" style=\"object-fit:cover;width:150px;height:150px\"\/><\/figure>\n<\/div>\n\n\n<div style=\"height:10px\" aria-hidden=\"true\" class=\"wp-block-spacer\"><\/div>\n\n\n\n<p><strong>GLEICHM\u00c4BIGERE HAUTTEXTUR<\/strong>, so dass feine Falten dank der Anregung der Elastin- und Kollagenproduktion weniger sichtbar werden.<\/p>\n<\/div>\n<\/div>\n\n\n\n<div class=\"wp-block-columns is-layout-flex wp-container-core-columns-is-layout-9d6595d7 wp-block-columns-is-layout-flex\">\n<div class=\"wp-block-column is-layout-flow wp-block-column-is-layout-flow\"><div class=\"wp-block-image\">\n<figure class=\"aligncenter size-full is-resized\"><img decoding=\"async\" src=\"https:\/\/www.bellissimakosmetik.de\/wp-content\/uploads\/2026\/02\/kollagenbildung.svg\" alt=\"INTENSIVIERTE KOLLAGENBILDUNG\" class=\"wp-image-1218\" style=\"object-fit:cover;width:150px;height:150px\"\/><\/figure>\n<\/div>\n\n\n<div style=\"height:10px\" aria-hidden=\"true\" class=\"wp-block-spacer\"><\/div>\n\n\n\n<p><strong>INTENSIVIERTE KOLLAGENBILDUNG<\/strong>, die der Haut mehr Elastizitat verleiht. Vier Wochen lang steigert Infuzion die Elastin- und Kollagenproduktion. Dadurch erh\u00e4lt die Haut ein glatteres, geschmeidigeres und strafferes Aussehen.<\/p>\n<\/div>\n\n\n\n<div class=\"wp-block-column is-layout-flow wp-block-column-is-layout-flow\"><div class=\"wp-block-image\">\n<figure class=\"aligncenter size-full is-resized\"><img decoding=\"async\" src=\"https:\/\/www.bellissimakosmetik.de\/wp-content\/uploads\/2026\/02\/praevention.svg\" alt=\"PR\u00c4VENTION VOR HAUTALTERUNG\" class=\"wp-image-1219\" style=\"object-fit:cover;width:150px;height:150px\"\/><\/figure>\n<\/div>\n\n\n<div style=\"height:10px\" aria-hidden=\"true\" class=\"wp-block-spacer\"><\/div>\n\n\n\n<p><strong>PR\u00c4VENTION VOR HAUTALTERUNG<\/strong> \u2013 Mit zunehmendem Alter nimmt die k\u00f6rpereigene Hyalurons\u00e4ure ab. Dadurch wird die Haut trockener und d\u00fcnner, erste Anzeichen der Hautalterung und F\u00e4ltchen entstehen.<\/p>\n<\/div>\n<\/div>\n\n\n\n<h2 class=\"wp-block-heading\">Was ist mit Sonne?<\/h2>\n\n\n\n<p>Infuzion selbst macht Ihre Haut nicht lichtempfindlicher. Lediglich bei begleitenden Peelings oder anderen Methoden in der Kombination ist eine erh\u00f6hte UV-Sensibilit\u00e4t m\u00f6glich. Generell gilt: Ein t\u00e4glicher Lichtschutzfaktor geh\u00f6rt zu den wichtigsten Anti-Aging Ma\u00dfnahmen \u00fcberhaupt und unterst\u00fctzt die Nachhaltigkeit Ihrer Beauty Routine.<\/p>\n\n\n\n<h2 class=\"wp-block-heading\">Ist INFUZION f\u00fcr alle Hauttypen geeignet?<\/h2>\n\n\n\n<p>Ja, INFUZION ist f\u00fcr alle Hauttypen geeignet, auch f\u00fcr empfindliche Haut und M\u00e4nnerhaut. Lediglich bei aktiver Akne sollte zun\u00e4chst eine Behandlung dieser erfolgen, bevor eine INFUZION Kur sinnvoll eingesetzt werden kann. Ihr Hautexperte wird Sie hierzu individuell beraten.<\/p>\n\n\n\n<h2 class=\"wp-block-heading\">Ist INFUZION auch pr\u00e4ventiv sinnvoll?<\/h2>\n\n\n\n<p>Unbedingt. Denn: Hautalterung beginnt lange, bevor sie sichtbar wird. Je fr\u00fcher Sie beginnen, desto mehr k\u00f6nnen Sie die Prozesse positiv beeinflussen \u2013 ohne Nadeln und ohne Risiko. INFUZION ist mehr als nur eine Behandlung \u2013 INFUZION ist der Gamechanger f\u00fcr Ihre Beauty Routine und eine neue \u00c4ra der Hautpflege. F\u00fcr sichtbar sch\u00f6ne Haut, nat\u00fcrliche Ergebnisse \u2013 ohne Nadeln und ohne Ausfallzeiten.<\/p>\n","protected":false},"excerpt":{"rendered":"<p>Was ist Infuzion System\u00ae? Mit der innovativen Technologie von INFUZION\u00ae ist es m\u00f6glich, insbesondere Menschen mit Angst vor Spritzen auf angenehme Art und Weise ohne Schmerzen und Nadeln zu behandeln. &#8230;<\/p>\n","protected":false},"author":1,"featured_media":1196,"parent":0,"menu_order":0,"comment_status":"closed","ping_status":"closed","template":"","meta":{"footnotes":""},"class_list":["post-1178","page","type-page","status-publish","has-post-thumbnail","hentry"],"_links":{"self":[{"href":"https:\/\/www.bellissimakosmetik.de\/index.php\/wp-json\/wp\/v2\/pages\/1178","targetHints":{"allow":["GET"]}}],"collection":[{"href":"https:\/\/www.bellissimakosmetik.de\/index.php\/wp-json\/wp\/v2\/pages"}],"about":[{"href":"https:\/\/www.bellissimakosmetik.de\/index.php\/wp-json\/wp\/v2\/types\/page"}],"author":[{"embeddable":true,"href":"https:\/\/www.bellissimakosmetik.de\/index.php\/wp-json\/wp\/v2\/users\/1"}],"replies":[{"embeddable":true,"href":"https:\/\/www.bellissimakosmetik.de\/index.php\/wp-json\/wp\/v2\/comments?post=1178"}],"version-history":[{"count":37,"href":"https:\/\/www.bellissimakosmetik.de\/index.php\/wp-json\/wp\/v2\/pages\/1178\/revisions"}],"predecessor-version":[{"id":1267,"href":"https:\/\/www.bellissimakosmetik.de\/index.php\/wp-json\/wp\/v2\/pages\/1178\/revisions\/1267"}],"wp:featuredmedia":[{"embeddable":true,"href":"https:\/\/www.bellissimakosmetik.de\/index.php\/wp-json\/wp\/v2\/media\/1196"}],"wp:attachment":[{"href":"https:\/\/www.bellissimakosmetik.de\/index.php\/wp-json\/wp\/v2\/media?parent=1178"}],"curies":[{"name":"wp","href":"https:\/\/api.w.org\/{rel}","templated":true}]}}