{"id":512,"date":"2020-03-03T10:08:11","date_gmt":"2020-03-03T10:08:11","guid":{"rendered":"https:\/\/www.bellissimakosmetik.de\/?page_id=512"},"modified":"2026-02-11T09:54:33","modified_gmt":"2026-02-11T09:54:33","slug":"microneedling","status":"publish","type":"page","link":"https:\/\/www.bellissimakosmetik.de\/index.php\/microneedling\/","title":{"rendered":"Microneedling"},"content":{"rendered":"\n<h4 class=\"wp-block-heading\">Die Herausforderung<\/h4>\n\n\n\n<p>Bei vielen Problem-Hautbildern reicht reine Pflege oft nicht aus. Zellprozesse&nbsp;sind verlangsamt und die oberste Hautschicht stellt f\u00fcr viele&nbsp;aufgetragene Wirkstoffe eine un\u00fcberwindbare Barriere dar. Die L\u00f6sung:&nbsp;Das Kosmetische&nbsp;Microneedling.<\/p>\n\n\n<style id=\"eos-video-bf535f0c-css\">.vc-inner iframe,.eosb_video-bg iframe{ max-width:none } .eosb_video-bg{ height:100%; overflow:hidden; pointer-events:none; position:absolute; top:0; left:0; width:100%; z-index:0 } .eosb_video-el-width- .eosb_wrapper{ width:% } .eosb_video_widget .eosb_video_wrapper{ padding-top:56.25%; position:relative; width:100% } .eosb_video_wrapper>div{ padding-top:0!important; position:static } .eosb_video-aspect-ratio-169 .eosb_video_wrapper{ padding-top:56.25% } .eosb_video-aspect-ratio-43 .eosb_video_wrapper{ padding-top:75% } .eosb_video-aspect-ratio-235 .eosb_video_wrapper{ padding-top:42.55319149% } .eosb_video_widget .eosb_wrapper iframe{ width:100%; height:100%; display:block; position:absolute; margin:0; top:0; left:0; -webkit-box-sizing:border-box; -moz-box-sizing:border-box; box-sizing:border-box }<\/style>\n\t<div class=\"eosb_video_widget eosb_content_element eosb_clearfix  eosb_video-aspect-ratio-169 eosb_video-el-width-100\" style=\"position:relative\">\n\t\t<div class=\"eosb_wrapper\" style=\"position:relative\"><div id=\"eos-video-bf535f0c\" class=\"eosb_video_wrapper\" style=\"background-image:url(https:\/\/www.bellissimakosmetik.de\/wp-content\/uploads\/2023\/09\/youtube-logo-.jpg);background-size:cover;background-repeat:no-repeat;background-position:center\"><svg id=\"eos-video-bf535f0c-btn\" class=\"hover\" style=\"position:absolute;width:70px;top:50%;left:50%;right:50%;height:48px;margin-top:-24px;margin-left:-35px;margin-right:-35px\" height=\"100%\" width=\"100%\"><path d=\"M66.52,7.74c-0.78-2.93-2.49-5.41-5.42-6.19C55.79,.13,34,0,34,0S12.21,.13,6.9,1.55 C3.97,2.33,2.27,4.81,1.48,7.74C0.06,13.05,0,24,0,24s0.06,10.95,1.48,16.26c0.78,2.93,2.49,5.41,5.42,6.19 C12.21,47.87,34,48,34,48s21.79-0.13,27.1-1.55c2.93-0.78,4.64-3.26,5.42-6.19C67.94,34.95,68,24,68,24S67.94,13.05,66.52,7.74z\" fill=\"grey\"><\/path><path d=\"M 45,24 27,14 27,34\" fill=\"#fff\"><\/path><\/svg><img decoding=\"async\" style=\"position:absolute;top:50%;left:50%;right:50%;width:32px;height:32px;margin:-16px;display:none\" src=\"https:\/\/www.bellissimakosmetik.de\/wp-content\/plugins\/load-video-on-click\/assets\/img\/ajax-loader.gif\" \/><div id=\"eos-video-bf535f0c-iframe\" width=\"500\" height=\"310.6\" allowfullscreen><\/div><script>document.getElementById(\"eos-video-bf535f0c-btn\").addEventListener(\"click\",function(){var d=document.getElementById(\"eos-video-bf535f0c-iframe\"),i=document.createElement(\"iframe\");if(d){document.getElementById(\"eos-video-bf535f0c-btn\").parentNode.getElementsByTagName(\"img\")[0].style.display=\"inline-block\";i.allow=\"accelerometer; autoplay; clipboard-write; encrypted-media; gyroscope; picture-in-picture\";i.src=\"https:\/\/www.youtube-nocookie.com\/embed\/0M0mZ9-o_8k?si=ZeQ_AXBodvxEbupL&#038;rel=0&#038;autoplay=1\";i.width=\"500\";i.height=\"310.6\";d.parentNode.replaceChild(i,d);}})<\/script><\/div><\/div><\/div>\n\n\n\n<strong>Datenschutzhinweis:<\/strong> Es werden externe Daten von Youtube geladen. Um das Video zu laden, klicken Sie bitte auf den Play-Button.\n\n\n\n<h4 class=\"wp-block-heading\">Microneedling \u2013 Die neuen, feinen Helfer<\/h4>\n\n\n\n<p>Ultrafeine Spitzen stanzen Mikro\u00f6ffnungen in&nbsp;die Epidermis. Ihre nat\u00fcrliche&nbsp;Schutzfunktion bleibt dabei erhalten. Die Spitzen bewegen sich&nbsp;voll automatisiert auf und ab, \u00e4hnlich einem&nbsp;Stempel. So wird die Epidermis&nbsp;pr\u00e4zise und gleichm\u00e4\u00dfig penetriert. V\u00f6llig schmerzfrei, sanft&nbsp;und schnell. Konzentrierte Wirkstoffe, selbst auf hochmolekularer Basis,&nbsp;dringen direkt und gleichm\u00e4\u00dfig ein. So k\u00f6nnen&nbsp;sie ihre Wirkung&nbsp;dort entfalten, wo es darauf ankommt:&nbsp;In den tieferen Strukturen der&nbsp;Haut.<\/p>\n\n\n\n<h4 class=\"wp-block-heading\">F\u00fcr eine strahlende Haut<\/h4>\n\n\n\n<p>Frische, glatte und optimal versorgte&nbsp;Haut l\u00e4sst jedes Gesicht j\u00fcnger&nbsp;wirken. Durch das kosmetische&nbsp;Microneedling&nbsp;erh\u00e4lt die Haut alle ben\u00f6tigten&nbsp;Vitalstoffe und Anti-Aging&nbsp;Helfer.&nbsp;Sie kann die Wirkstoffe direkt&nbsp;aufnehmen, sichtbare Effekte werden sofort deutlich. Gleichzeitig&nbsp;regeneriert sich die Haut durch die Penetration der Epidermis von innen&nbsp;heraus selbst.<\/p>\n\n\n\n<figure class=\"wp-block-image size-large\"><img loading=\"lazy\" decoding=\"async\" width=\"1024\" height=\"683\" src=\"https:\/\/www.bellissimakosmetik.de\/wp-content\/uploads\/2024\/08\/Microneedling-1024x683.jpg\" alt=\"\" class=\"wp-image-1094\" srcset=\"https:\/\/www.bellissimakosmetik.de\/wp-content\/uploads\/2024\/08\/Microneedling-1024x683.jpg 1024w, https:\/\/www.bellissimakosmetik.de\/wp-content\/uploads\/2024\/08\/Microneedling-300x200.jpg 300w, https:\/\/www.bellissimakosmetik.de\/wp-content\/uploads\/2024\/08\/Microneedling-768x512.jpg 768w, https:\/\/www.bellissimakosmetik.de\/wp-content\/uploads\/2024\/08\/Microneedling-1536x1024.jpg 1536w, https:\/\/www.bellissimakosmetik.de\/wp-content\/uploads\/2024\/08\/Microneedling-2048x1365.jpg 2048w\" sizes=\"auto, (max-width: 1024px) 100vw, 1024px\" \/><figcaption class=\"wp-element-caption\">Bild: Ionto Comed<\/figcaption><\/figure>\n","protected":false},"excerpt":{"rendered":"<p>Die Herausforderung Bei vielen Problem-Hautbildern reicht reine Pflege oft nicht aus. Zellprozesse&nbsp;sind verlangsamt und die oberste Hautschicht stellt f\u00fcr viele&nbsp;aufgetragene Wirkstoffe eine un\u00fcberwindbare Barriere dar. Die L\u00f6sung:&nbsp;Das Kosmetische&nbsp;Microneedling. Datenschutzhinweis: Es &#8230;<\/p>\n","protected":false},"author":1,"featured_media":1094,"parent":0,"menu_order":0,"comment_status":"closed","ping_status":"closed","template":"","meta":{"footnotes":""},"class_list":["post-512","page","type-page","status-publish","has-post-thumbnail","hentry"],"_links":{"self":[{"href":"https:\/\/www.bellissimakosmetik.de\/index.php\/wp-json\/wp\/v2\/pages\/512","targetHints":{"allow":["GET"]}}],"collection":[{"href":"https:\/\/www.bellissimakosmetik.de\/index.php\/wp-json\/wp\/v2\/pages"}],"about":[{"href":"https:\/\/www.bellissimakosmetik.de\/index.php\/wp-json\/wp\/v2\/types\/page"}],"author":[{"embeddable":true,"href":"https:\/\/www.bellissimakosmetik.de\/index.php\/wp-json\/wp\/v2\/users\/1"}],"replies":[{"embeddable":true,"href":"https:\/\/www.bellissimakosmetik.de\/index.php\/wp-json\/wp\/v2\/comments?post=512"}],"version-history":[{"count":20,"href":"https:\/\/www.bellissimakosmetik.de\/index.php\/wp-json\/wp\/v2\/pages\/512\/revisions"}],"predecessor-version":[{"id":1272,"href":"https:\/\/www.bellissimakosmetik.de\/index.php\/wp-json\/wp\/v2\/pages\/512\/revisions\/1272"}],"wp:featuredmedia":[{"embeddable":true,"href":"https:\/\/www.bellissimakosmetik.de\/index.php\/wp-json\/wp\/v2\/media\/1094"}],"wp:attachment":[{"href":"https:\/\/www.bellissimakosmetik.de\/index.php\/wp-json\/wp\/v2\/media?parent=512"}],"curies":[{"name":"wp","href":"https:\/\/api.w.org\/{rel}","templated":true}]}}