{"id":522,"date":"2020-03-03T11:08:31","date_gmt":"2020-03-03T11:08:31","guid":{"rendered":"https:\/\/www.bellissimakosmetik.de\/?page_id=522"},"modified":"2026-02-12T10:10:29","modified_gmt":"2026-02-12T10:10:29","slug":"anti-aging-behandlungen","status":"publish","type":"page","link":"https:\/\/www.bellissimakosmetik.de\/index.php\/anti-aging-behandlungen\/","title":{"rendered":"Anti-Aging Behandlungen"},"content":{"rendered":"\n<p>Bellissima-Kosmetik bietet verschiedene Anti-Aging Behandlungen an, die ganz gezielt gegen unterschiedliche Aging-Probleme wirken. Bei der Auswahl der f\u00fcr Sie passenden Behandlung beraten wir sie gerne.<\/p>\n\n\n\n<div style=\"height:20px\" aria-hidden=\"true\" class=\"wp-block-spacer\"><\/div>\n\n\n\n<div class=\"wp-block-columns is-layout-flex wp-container-core-columns-is-layout-9d6595d7 wp-block-columns-is-layout-flex\">\n<div class=\"wp-block-column is-layout-flow wp-block-column-is-layout-flow\">\n<figure class=\"wp-block-image size-large\"><a href=\"https:\/\/www.bellissimakosmetik.de\/index.php\/anti-aging-mit-infuzion-system\/\"><img loading=\"lazy\" decoding=\"async\" width=\"1024\" height=\"739\" src=\"https:\/\/www.bellissimakosmetik.de\/wp-content\/uploads\/2026\/02\/slider-infuzion-1024x739.jpg\" alt=\"Infuzion System\u00ae Kosmetikbehandlung\" class=\"wp-image-1196\" srcset=\"https:\/\/www.bellissimakosmetik.de\/wp-content\/uploads\/2026\/02\/slider-infuzion-1024x739.jpg 1024w, https:\/\/www.bellissimakosmetik.de\/wp-content\/uploads\/2026\/02\/slider-infuzion-300x217.jpg 300w, https:\/\/www.bellissimakosmetik.de\/wp-content\/uploads\/2026\/02\/slider-infuzion-768x555.jpg 768w, https:\/\/www.bellissimakosmetik.de\/wp-content\/uploads\/2026\/02\/slider-infuzion-1536x1109.jpg 1536w, https:\/\/www.bellissimakosmetik.de\/wp-content\/uploads\/2026\/02\/slider-infuzion.jpg 1921w\" sizes=\"auto, (max-width: 1024px) 100vw, 1024px\" \/><\/a><\/figure>\n\n\n\n<h2 class=\"wp-block-heading h2-double-height\"><a href=\"https:\/\/www.bellissimakosmetik.de\/index.php\/anti-aging-mit-infuzion-system\/\">Infuzion System\u00ae Kosmetikbehandlung<\/a><\/h2>\n\n\n\n<p>Mit der innovativen Technologie von INFUZION\u00ae ist es m\u00f6glich, insbesondere Menschen mit Angst vor Spritzen auf angenehme Art und Weise ohne Schmerzen und Nadeln zu behandeln. <\/p>\n<\/div>\n\n\n\n<div class=\"wp-block-column is-layout-flow wp-block-column-is-layout-flow\">\n<figure class=\"wp-block-image size-full\"><a href=\"https:\/\/www.bellissimakosmetik.de\/index.php\/microdermabrasion\/\"><img loading=\"lazy\" decoding=\"async\" width=\"792\" height=\"528\" src=\"https:\/\/www.bellissimakosmetik.de\/wp-content\/uploads\/2020\/03\/abrasion-anwendung-gesicht.jpg\" alt=\"Microdermabrasion\" class=\"wp-image-546\" srcset=\"https:\/\/www.bellissimakosmetik.de\/wp-content\/uploads\/2020\/03\/abrasion-anwendung-gesicht.jpg 792w, https:\/\/www.bellissimakosmetik.de\/wp-content\/uploads\/2020\/03\/abrasion-anwendung-gesicht-300x200.jpg 300w, https:\/\/www.bellissimakosmetik.de\/wp-content\/uploads\/2020\/03\/abrasion-anwendung-gesicht-768x512.jpg 768w\" sizes=\"auto, (max-width: 792px) 100vw, 792px\" \/><\/a><\/figure>\n\n\n\n<h2 class=\"wp-block-heading h2-double-height\"><a href=\"https:\/\/www.bellissimakosmetik.de\/index.php\/microdermabrasion\/\">Microdermabrasion<\/a><\/h2>\n\n\n\n<p>Die aus Spezial-Tonerde gewonnenen hochreinen, feinen Kristalle tragen Teile des Stratum corneums (oberste Schicht der Epidermis, enth\u00e4lt abgestorbene Hautzellen) effektiv und kontrolliert ab.<\/p>\n<\/div>\n\n\n\n<div class=\"wp-block-column is-layout-flow wp-block-column-is-layout-flow\">\n<figure class=\"wp-block-image size-full\"><a href=\"https:\/\/www.bellissimakosmetik.de\/index.php\/microneedling\/\"><img loading=\"lazy\" decoding=\"async\" width=\"2560\" height=\"1707\" src=\"https:\/\/www.bellissimakosmetik.de\/wp-content\/uploads\/2024\/08\/Microneedling-scaled.jpg\" alt=\"Microneedling\" class=\"wp-image-1094\" srcset=\"https:\/\/www.bellissimakosmetik.de\/wp-content\/uploads\/2024\/08\/Microneedling-scaled.jpg 2560w, https:\/\/www.bellissimakosmetik.de\/wp-content\/uploads\/2024\/08\/Microneedling-300x200.jpg 300w, https:\/\/www.bellissimakosmetik.de\/wp-content\/uploads\/2024\/08\/Microneedling-1024x683.jpg 1024w, https:\/\/www.bellissimakosmetik.de\/wp-content\/uploads\/2024\/08\/Microneedling-768x512.jpg 768w, https:\/\/www.bellissimakosmetik.de\/wp-content\/uploads\/2024\/08\/Microneedling-1536x1024.jpg 1536w, https:\/\/www.bellissimakosmetik.de\/wp-content\/uploads\/2024\/08\/Microneedling-2048x1365.jpg 2048w\" sizes=\"auto, (max-width: 2560px) 100vw, 2560px\" \/><\/a><\/figure>\n\n\n\n<h2 class=\"wp-block-heading h2-double-height\"><a href=\"https:\/\/www.bellissimakosmetik.de\/index.php\/microneedling\/\">Microneedling<\/a><\/h2>\n\n\n\n<p>Bei vielen Problem-Hautbildern reicht reine Pflege oft nicht aus. Zellprozesse sind verlangsamt und die oberste Hautschicht stellt f\u00fcr viele aufgetragene Wirkstoffe eine un\u00fcberwindbare Barriere dar. Die L\u00f6sung: Das Kosmetische Microneedling.<\/p>\n<\/div>\n<\/div>\n\n\n\n<div class=\"wp-block-columns is-layout-flex wp-container-core-columns-is-layout-9d6595d7 wp-block-columns-is-layout-flex\">\n<div class=\"wp-block-column is-layout-flow wp-block-column-is-layout-flow\">\n<figure class=\"wp-block-image size-large\"><a href=\"https:\/\/www.bellissimakosmetik.de\/index.php\/anti-aging-behandlungen\/cellular-system-behandlung\/\"><img loading=\"lazy\" decoding=\"async\" width=\"1024\" height=\"683\" src=\"https:\/\/www.bellissimakosmetik.de\/wp-content\/uploads\/2026\/02\/Kleanthous-Cellular-System-1024x683.jpg\" alt=\"Kleanthous Cellular System\" class=\"wp-image-1275\" srcset=\"https:\/\/www.bellissimakosmetik.de\/wp-content\/uploads\/2026\/02\/Kleanthous-Cellular-System-1024x683.jpg 1024w, https:\/\/www.bellissimakosmetik.de\/wp-content\/uploads\/2026\/02\/Kleanthous-Cellular-System-300x200.jpg 300w, https:\/\/www.bellissimakosmetik.de\/wp-content\/uploads\/2026\/02\/Kleanthous-Cellular-System-768x512.jpg 768w, https:\/\/www.bellissimakosmetik.de\/wp-content\/uploads\/2026\/02\/Kleanthous-Cellular-System.jpg 1500w\" sizes=\"auto, (max-width: 1024px) 100vw, 1024px\" \/><\/a><\/figure>\n\n\n\n<h2 class=\"wp-block-heading h2-double-height\"><a href=\"https:\/\/www.bellissimakosmetik.de\/index.php\/anti-aging-behandlungen\/cellular-system-behandlung\/\">Kleanthous Cellular System<\/a><\/h2>\n\n\n\n<p>Am Anfang dieser Behandlung wird eine umfangreiche Anamnese des pers\u00f6nlichen Lebensstil erstellt. Aus den hieraus gewonnenen Profil, wird f\u00fcr jede Kundin ein pers\u00f6nliches Pflegeserum mit einer angepassten Wirkstoffkombination zusammengestellt.<\/p>\n<\/div>\n\n\n\n<div class=\"wp-block-column is-layout-flow wp-block-column-is-layout-flow\">\n<figure class=\"wp-block-image size-full\"><a href=\"https:\/\/www.bellissimakosmetik.de\/index.php\/anti-aging-behandlungen\/anti-aging-kleanthous-behandlungen\/\"><img loading=\"lazy\" decoding=\"async\" width=\"800\" height=\"649\" src=\"https:\/\/www.bellissimakosmetik.de\/wp-content\/uploads\/2024\/01\/24-7-sono-solution.jpeg\" alt=\"24\/7 sono solution\" class=\"wp-image-970\" srcset=\"https:\/\/www.bellissimakosmetik.de\/wp-content\/uploads\/2024\/01\/24-7-sono-solution.jpeg 800w, https:\/\/www.bellissimakosmetik.de\/wp-content\/uploads\/2024\/01\/24-7-sono-solution-300x243.jpeg 300w, https:\/\/www.bellissimakosmetik.de\/wp-content\/uploads\/2024\/01\/24-7-sono-solution-768x623.jpeg 768w\" sizes=\"auto, (max-width: 800px) 100vw, 800px\" \/><\/a><\/figure>\n\n\n\n<h2 class=\"wp-block-heading h2-double-height\"><a href=\"https:\/\/www.bellissimakosmetik.de\/index.php\/anti-aging-behandlungen\/anti-aging-kleanthous-behandlungen\/\">24\/7 sono solution<\/a><\/h2>\n\n\n\n<p>24\/7 sono solution\u00ab von Kleanthous ist eine effektive Gesichtsbehandlung mit schneller Wirksamkeit<\/p>\n<\/div>\n\n\n\n<div class=\"wp-block-column is-layout-flow wp-block-column-is-layout-flow\">\n<figure class=\"wp-block-image size-full\"><a href=\"https:\/\/www.bellissimakosmetik.de\/index.php\/anti-aging-behandlungen\/anti-aging-kleanthous-behandlungen\/\"><img loading=\"lazy\" decoding=\"async\" width=\"800\" height=\"573\" src=\"https:\/\/www.bellissimakosmetik.de\/wp-content\/uploads\/2024\/01\/sono-beauty-lifting.jpg\" alt=\"\" class=\"wp-image-951\" srcset=\"https:\/\/www.bellissimakosmetik.de\/wp-content\/uploads\/2024\/01\/sono-beauty-lifting.jpg 800w, https:\/\/www.bellissimakosmetik.de\/wp-content\/uploads\/2024\/01\/sono-beauty-lifting-300x215.jpg 300w, https:\/\/www.bellissimakosmetik.de\/wp-content\/uploads\/2024\/01\/sono-beauty-lifting-768x550.jpg 768w\" sizes=\"auto, (max-width: 800px) 100vw, 800px\" \/><\/a><\/figure>\n\n\n\n<h2 class=\"wp-block-heading h2-double-height\"><a href=\"https:\/\/www.bellissimakosmetik.de\/index.php\/anti-aging-behandlungen\/anti-aging-kleanthous-behandlungen\/\">Sono beauty lifting<\/a><\/h2>\n\n\n\n<p>Das \u00bbSono beauty lifting\u00ab ist eine Regenerationskur, die sechs Behandlungen innerhalb von vier Wochen beinhaltet.<\/p>\n<\/div>\n<\/div>\n\n\n\n<p><\/p>\n","protected":false},"excerpt":{"rendered":"<p>Bellissima-Kosmetik bietet verschiedene Anti-Aging Behandlungen an, die ganz gezielt gegen unterschiedliche Aging-Probleme wirken. Bei der Auswahl der f\u00fcr Sie passenden Behandlung beraten wir sie gerne. Infuzion System\u00ae Kosmetikbehandlung Mit der &#8230;<\/p>\n","protected":false},"author":1,"featured_media":0,"parent":0,"menu_order":0,"comment_status":"closed","ping_status":"closed","template":"","meta":{"footnotes":""},"class_list":["post-522","page","type-page","status-publish","hentry"],"_links":{"self":[{"href":"https:\/\/www.bellissimakosmetik.de\/index.php\/wp-json\/wp\/v2\/pages\/522","targetHints":{"allow":["GET"]}}],"collection":[{"href":"https:\/\/www.bellissimakosmetik.de\/index.php\/wp-json\/wp\/v2\/pages"}],"about":[{"href":"https:\/\/www.bellissimakosmetik.de\/index.php\/wp-json\/wp\/v2\/types\/page"}],"author":[{"embeddable":true,"href":"https:\/\/www.bellissimakosmetik.de\/index.php\/wp-json\/wp\/v2\/users\/1"}],"replies":[{"embeddable":true,"href":"https:\/\/www.bellissimakosmetik.de\/index.php\/wp-json\/wp\/v2\/comments?post=522"}],"version-history":[{"count":58,"href":"https:\/\/www.bellissimakosmetik.de\/index.php\/wp-json\/wp\/v2\/pages\/522\/revisions"}],"predecessor-version":[{"id":1291,"href":"https:\/\/www.bellissimakosmetik.de\/index.php\/wp-json\/wp\/v2\/pages\/522\/revisions\/1291"}],"wp:attachment":[{"href":"https:\/\/www.bellissimakosmetik.de\/index.php\/wp-json\/wp\/v2\/media?parent=522"}],"curies":[{"name":"wp","href":"https:\/\/api.w.org\/{rel}","templated":true}]}}