{"id":643,"date":"2021-12-28T09:46:31","date_gmt":"2021-12-28T09:46:31","guid":{"rendered":"https:\/\/www.bellissimakosmetik.de\/?page_id=643"},"modified":"2024-01-18T13:38:08","modified_gmt":"2024-01-18T13:38:08","slug":"links","status":"publish","type":"page","link":"https:\/\/www.bellissimakosmetik.de\/index.php\/links\/","title":{"rendered":"Links"},"content":{"rendered":"\n<div class=\"wp-block-columns is-layout-flex wp-container-core-columns-is-layout-9d6595d7 wp-block-columns-is-layout-flex\">\n<div class=\"wp-block-column is-layout-flow wp-block-column-is-layout-flow\" style=\"flex-basis:400%\">\n<div class=\"wp-block-columns is-layout-flex wp-container-core-columns-is-layout-9d6595d7 wp-block-columns-is-layout-flex\">\n<div class=\"wp-block-column is-layout-flow wp-block-column-is-layout-flow\" style=\"flex-basis:243px\">\n<figure class=\"wp-block-image size-full is-resized\"><a href=\"https:\/\/www.dasfigurstudio.de\/\" target=\"_blank\" rel=\"noreferrer noopener\"><img loading=\"lazy\" decoding=\"async\" width=\"352\" height=\"262\" src=\"https:\/\/www.bellissimakosmetik.de\/wp-content\/uploads\/2024\/01\/dasfigurstudio.png\" alt=\"Das Figurstudio, Mannheim\" class=\"wp-image-887\" style=\"width:361px;height:auto\" srcset=\"https:\/\/www.bellissimakosmetik.de\/wp-content\/uploads\/2024\/01\/dasfigurstudio.png 352w, https:\/\/www.bellissimakosmetik.de\/wp-content\/uploads\/2024\/01\/dasfigurstudio-300x223.png 300w\" sizes=\"auto, (max-width: 352px) 100vw, 352px\" \/><\/a><figcaption class=\"wp-element-caption\">Das Figurstudio, Mannheim<\/figcaption><\/figure>\n\n\n\n<p><strong>Jugendlichkeit &amp; Attraktivit\u00e4t haben nichts mit dem Alter zu tun<\/strong><\/p>\n\n\n\n<p>Mit den Body Forming Programmen hilft das Figurstutio Frauen (und auch M\u00e4nnern) dabei, ihren K\u00f6rper wieder zu m\u00f6gen, um das Leben in vollen Z\u00fcgen genie\u00dfen zu k\u00f6nnen\u2026<\/p>\n<\/div>\n\n\n\n<div class=\"wp-block-column is-layout-flow wp-block-column-is-layout-flow\" style=\"flex-basis:243px\">\n<figure class=\"wp-block-image size-full is-resized\"><a href=\"https:\/\/www.kleanthous.de\/\" target=\"_blank\" rel=\"noreferrer noopener\"><img loading=\"lazy\" decoding=\"async\" width=\"352\" height=\"264\" src=\"https:\/\/www.bellissimakosmetik.de\/wp-content\/uploads\/2024\/01\/kleanthous-1.png\n\" alt=\"Dr. Kleanthous Kosmetik, St. Leon-Rot\" class=\"wp-image-885\" style=\"width:352px\" srcset=\"https:\/\/www.bellissimakosmetik.de\/wp-content\/uploads\/2024\/01\/kleanthous-1.png 352w, https:\/\/www.bellissimakosmetik.de\/wp-content\/uploads\/2024\/01\/kleanthous-1-300x225.png 300w\" sizes=\"auto, (max-width: 352px) 100vw, 352px\" \/><\/a><figcaption class=\"wp-element-caption\">Dr. Kleanthous Kosmetik, St. Leon-Rot<\/figcaption><\/figure>\n\n\n\n<p><strong>Kompetenz in Sch\u00f6nheit und Anti-Aging<\/strong><\/p>\n\n\n\n<p>Die Sch\u00f6nheit und Gesunderhaltung der Haut bestimmen das Ziel der Forschung und des Handelns der Dr. Kleanthous GmbH. Dabei nutzen wir verantwortungsvoll neue Technologien wie den kosmetischen Ultraschall und kombinieren sie mit wissenschaftlichen Methoden der Hautregeneration.<\/p>\n<\/div>\n\n\n\n<div class=\"wp-block-column is-layout-flow wp-block-column-is-layout-flow\" style=\"flex-basis:243px\">\n<figure class=\"wp-block-image size-full is-resized\"><a href=\"https:\/\/www.gertraud-gruber.de\/\" target=\"_blank\" rel=\"noreferrer noopener\"><img decoding=\"async\" src=\"https:\/\/www.bellissimakosmetik.de\/wp-content\/uploads\/2024\/01\/gertraud-gruber.png\" alt=\"Gertraud Gruber, Rottach-Egern\" class=\"wp-image-887\" style=\"width:352px\"\/><\/a><figcaption class=\"wp-element-caption\">Gertraud Gruber, Rottach-Egern<\/figcaption><\/figure>\n\n\n\n<p><strong><strong>Hallo Natursch\u00f6nheit!<\/strong><\/strong><\/p>\n\n\n\n<p>Gertraud Gruber legte mit der Gr\u00fcndung der 1. Sch\u00f6nheitsfarm Europas den Meilenstein f\u00fcr die 1. Ganzheitskosmetik \u2013 von uns gelebt seit 1955 am Tegernsee. Ihre Philosophie, die KOSMETIK KULTUR mit Herz, Hand und Verstand, ist heute relevanter denn je und wir wollen sie mit ihrem vorgelebten Weitblick weitertragen.<\/p>\n<\/div>\n<\/div>\n\n\n\n<div class=\"wp-block-columns is-layout-flex wp-container-core-columns-is-layout-9d6595d7 wp-block-columns-is-layout-flex\">\n<div class=\"wp-block-column is-layout-flow wp-block-column-is-layout-flow\" style=\"flex-basis:243px\">\n<figure class=\"wp-block-image size-full is-resized\"><a href=\"https:\/\/www.baobab-senegal.de\/\" target=\"_blank\" rel=\"noreferrer noopener\"><img loading=\"lazy\" decoding=\"async\" width=\"352\" height=\"262\" src=\"https:\/\/www.bellissimakosmetik.de\/wp-content\/uploads\/2024\/01\/baobab.png\" alt=\"BAOBAB E.V. \u2013 Hilfe f\u00fcr notleidende Familien in Senegal\" class=\"wp-image-992\" style=\"width:243px\" srcset=\"https:\/\/www.bellissimakosmetik.de\/wp-content\/uploads\/2024\/01\/baobab.png 352w, https:\/\/www.bellissimakosmetik.de\/wp-content\/uploads\/2024\/01\/baobab-300x223.png 300w\" sizes=\"auto, (max-width: 352px) 100vw, 352px\" \/><\/a><\/figure>\n\n\n\n<p>BAOBAB E.V., Ketsch<\/p>\n\n\n\n<p><strong>Hilfe f\u00fcr notleidende Familien in Senegal<\/strong><\/p>\n\n\n\n<p>Die Hilfsprojekte des BAOBAB f\u00fcr senegalesische Familien sind vielf\u00e4ltig. Dabei ist es ihre Mission, durch Bildung und Ressourcen vor Ort nach dem Credo \u00bbHilfe zur Selbsthilfe\u00ab den Familien zu nachhaltigen Verbesserungen ihrer Lebensstandards zu verhelfen.<\/p>\n<\/div>\n\n\n\n<div class=\"wp-block-column is-layout-flow wp-block-column-is-layout-flow\"><\/div>\n<\/div>\n<\/div>\n<\/div>\n","protected":false},"excerpt":{"rendered":"<p>Jugendlichkeit &amp; Attraktivit\u00e4t haben nichts mit dem Alter zu tun Mit den Body Forming Programmen hilft das Figurstutio Frauen (und auch M\u00e4nnern) dabei, ihren K\u00f6rper wieder zu m\u00f6gen, um das &#8230;<\/p>\n","protected":false},"author":1,"featured_media":0,"parent":0,"menu_order":0,"comment_status":"closed","ping_status":"closed","template":"","meta":{"footnotes":""},"class_list":["post-643","page","type-page","status-publish","hentry"],"_links":{"self":[{"href":"https:\/\/www.bellissimakosmetik.de\/index.php\/wp-json\/wp\/v2\/pages\/643","targetHints":{"allow":["GET"]}}],"collection":[{"href":"https:\/\/www.bellissimakosmetik.de\/index.php\/wp-json\/wp\/v2\/pages"}],"about":[{"href":"https:\/\/www.bellissimakosmetik.de\/index.php\/wp-json\/wp\/v2\/types\/page"}],"author":[{"embeddable":true,"href":"https:\/\/www.bellissimakosmetik.de\/index.php\/wp-json\/wp\/v2\/users\/1"}],"replies":[{"embeddable":true,"href":"https:\/\/www.bellissimakosmetik.de\/index.php\/wp-json\/wp\/v2\/comments?post=643"}],"version-history":[{"count":36,"href":"https:\/\/www.bellissimakosmetik.de\/index.php\/wp-json\/wp\/v2\/pages\/643\/revisions"}],"predecessor-version":[{"id":1019,"href":"https:\/\/www.bellissimakosmetik.de\/index.php\/wp-json\/wp\/v2\/pages\/643\/revisions\/1019"}],"wp:attachment":[{"href":"https:\/\/www.bellissimakosmetik.de\/index.php\/wp-json\/wp\/v2\/media?parent=643"}],"curies":[{"name":"wp","href":"https:\/\/api.w.org\/{rel}","templated":true}]}}