{"id":793,"date":"2023-09-15T09:55:21","date_gmt":"2023-09-15T09:55:21","guid":{"rendered":"https:\/\/www.bellissimakosmetik.de\/?page_id=793"},"modified":"2025-06-30T08:09:52","modified_gmt":"2025-06-30T08:09:52","slug":"anti-aging-kleanthous-behandlungen","status":"publish","type":"page","link":"https:\/\/www.bellissimakosmetik.de\/index.php\/anti-aging-behandlungen\/anti-aging-kleanthous-behandlungen\/","title":{"rendered":"Kleanthous Anti-Aging"},"content":{"rendered":"\n<div class=\"wp-block-columns is-layout-flex wp-container-core-columns-is-layout-9d6595d7 wp-block-columns-is-layout-flex\">\n<div class=\"wp-block-column is-layout-flow wp-block-column-is-layout-flow\"><div class=\"wp-block-image\">\n<figure class=\"aligncenter size-medium\" id=\"sono-solution-\"><a href=\"#sono-solution\"><img loading=\"lazy\" decoding=\"async\" width=\"300\" height=\"243\" src=\"https:\/\/www.bellissimakosmetik.de\/wp-content\/uploads\/2024\/01\/24-7-sono-solution-300x243.jpeg\" alt=\"\" class=\"wp-image-970\" style=\"aspect-ratio:1;object-fit:cover\" srcset=\"https:\/\/www.bellissimakosmetik.de\/wp-content\/uploads\/2024\/01\/24-7-sono-solution-300x243.jpeg 300w, https:\/\/www.bellissimakosmetik.de\/wp-content\/uploads\/2024\/01\/24-7-sono-solution-768x623.jpeg 768w, https:\/\/www.bellissimakosmetik.de\/wp-content\/uploads\/2024\/01\/24-7-sono-solution.jpeg 800w\" sizes=\"auto, (max-width: 300px) 100vw, 300px\" \/><\/a><figcaption class=\"wp-element-caption\"><a href=\"#sono-solution\">24\/7 sono solution Gesichtsbehandlung<\/a><\/figcaption><\/figure>\n<\/div><\/div>\n\n\n\n<div class=\"wp-block-column is-layout-flow wp-block-column-is-layout-flow\"><div class=\"wp-block-image\">\n<figure class=\"aligncenter size-medium\"><a href=\"#beauty-lifting\"><img loading=\"lazy\" decoding=\"async\" width=\"300\" height=\"215\" src=\"https:\/\/www.bellissimakosmetik.de\/wp-content\/uploads\/2024\/01\/sono-beauty-lifting-300x215.jpg\" alt=\"\" class=\"wp-image-951\" style=\"aspect-ratio:1;object-fit:cover\" srcset=\"https:\/\/www.bellissimakosmetik.de\/wp-content\/uploads\/2024\/01\/sono-beauty-lifting-300x215.jpg 300w, https:\/\/www.bellissimakosmetik.de\/wp-content\/uploads\/2024\/01\/sono-beauty-lifting-768x550.jpg 768w, https:\/\/www.bellissimakosmetik.de\/wp-content\/uploads\/2024\/01\/sono-beauty-lifting.jpg 800w\" sizes=\"auto, (max-width: 300px) 100vw, 300px\" \/><\/a><figcaption class=\"wp-element-caption\"><a href=\"#beauty-lifting\">Sono beauty lifting Gesichtsbehandlung<\/a><\/figcaption><\/figure>\n<\/div><\/div>\n\n\n\n<div class=\"wp-block-column is-layout-flow wp-block-column-is-layout-flow\"><div class=\"wp-block-image\">\n<figure class=\"aligncenter size-medium\"><a href=\"#Skin-Sensation\"><img loading=\"lazy\" decoding=\"async\" width=\"300\" height=\"207\" src=\"https:\/\/www.bellissimakosmetik.de\/wp-content\/uploads\/2025\/06\/Behandlung-Skin-Sensation-no-text-300x207.jpg\" alt=\"\" class=\"wp-image-1152\" style=\"aspect-ratio:1;object-fit:cover\" srcset=\"https:\/\/www.bellissimakosmetik.de\/wp-content\/uploads\/2025\/06\/Behandlung-Skin-Sensation-no-text-300x207.jpg 300w, https:\/\/www.bellissimakosmetik.de\/wp-content\/uploads\/2025\/06\/Behandlung-Skin-Sensation-no-text.jpg 754w\" sizes=\"auto, (max-width: 300px) 100vw, 300px\" \/><\/a><figcaption class=\"wp-element-caption\"><a href=\"#Skin-Sensation\">Skin-Sensation<\/a><\/figcaption><\/figure>\n<\/div><\/div>\n<\/div>\n\n\n\n<div style=\"height:100px\" aria-hidden=\"true\" class=\"wp-block-spacer\"><\/div>\n\n\n\n<figure class=\"wp-block-image size-full\" id=\"sono-solution\"><img loading=\"lazy\" decoding=\"async\" width=\"800\" height=\"649\" src=\"https:\/\/www.bellissimakosmetik.de\/wp-content\/uploads\/2024\/01\/24-7-sono-solution.jpeg\" alt=\"\" class=\"wp-image-970\" srcset=\"https:\/\/www.bellissimakosmetik.de\/wp-content\/uploads\/2024\/01\/24-7-sono-solution.jpeg 800w, https:\/\/www.bellissimakosmetik.de\/wp-content\/uploads\/2024\/01\/24-7-sono-solution-300x243.jpeg 300w, https:\/\/www.bellissimakosmetik.de\/wp-content\/uploads\/2024\/01\/24-7-sono-solution-768x623.jpeg 768w\" sizes=\"auto, (max-width: 800px) 100vw, 800px\" \/><figcaption class=\"wp-element-caption\">Bild: Kleanthous<\/figcaption><\/figure>\n\n\n\n<h4 class=\"wp-block-heading\"><strong>24\/7 sono solution<\/strong> Gesichtsbehandlung<\/h4>\n\n\n\n<p>\u00bb24\/7 sono solution\u00ab von Kleanthous ist eine effektive Behandlung mit schneller Wirksamkeit. Sie enth\u00e4lt:<\/p>\n\n\n\n<ul class=\"wp-block-list\">\n<li>Eine Reinigung<\/li>\n\n\n\n<li>Ein mildes Enzympeeling<\/li>\n\n\n\n<li>Eine straffende und mit c.s.m. (cell supporting molecules) angereicherte Maske<\/li>\n\n\n\n<li>Ein c.s.m. (cell supporting molecules) Serum<\/li>\n\n\n\n<li>Sonoresonanz und Farblicht zur Erh\u00f6hung des Zellstoffwechsels<\/li>\n\n\n\n<li>Eine Kleanthous Akupressurmassage<\/li>\n<\/ul>\n\n\n\n<div style=\"height:50px\" aria-hidden=\"true\" class=\"wp-block-spacer\"><\/div>\n\n\n\n<h4 class=\"wp-block-heading\" id=\"beauty-lifting\"><strong>Sono beauty lifting Gesichtsbehandlung<\/strong><\/h4>\n\n\n\n<figure class=\"wp-block-image size-full\"><img loading=\"lazy\" decoding=\"async\" width=\"800\" height=\"573\" src=\"https:\/\/www.bellissimakosmetik.de\/wp-content\/uploads\/2024\/01\/sono-beauty-lifting.jpg\" alt=\"\" class=\"wp-image-951\" srcset=\"https:\/\/www.bellissimakosmetik.de\/wp-content\/uploads\/2024\/01\/sono-beauty-lifting.jpg 800w, https:\/\/www.bellissimakosmetik.de\/wp-content\/uploads\/2024\/01\/sono-beauty-lifting-300x215.jpg 300w, https:\/\/www.bellissimakosmetik.de\/wp-content\/uploads\/2024\/01\/sono-beauty-lifting-768x550.jpg 768w\" sizes=\"auto, (max-width: 800px) 100vw, 800px\" \/><figcaption class=\"wp-element-caption\">Bild: Kleanthous<\/figcaption><\/figure>\n\n\n\n<p>Das \u00bbSono beauty lifting\u00ab ist eine Regenerationskur, die sechs Behandlungen innerhalb von vier Wochen beinhaltet. Die Behandlung enth\u00e4lt:<\/p>\n\n\n\n<ul class=\"wp-block-list\">\n<li>Eine Vorbereitung mit einem milden Enzympeeling<\/li>\n\n\n\n<li>Eine straffende und mit c.s.m.  (cell supporting molecules) angereicherte Maske<\/li>\n\n\n\n<li>Eine Hand-Armmassage <\/li>\n\n\n\n<li>Ein Langzeit-Feuchtigkeitsdepot mit Hyaluron<\/li>\n\n\n\n<li>Sonoresonanz und Farblicht zur Erh\u00f6hung des Zellstoffwechsels<\/li>\n\n\n\n<li>Spezialserum von Kleanthous f\u00fcr maximale Wirkstoffzufuhr <\/li>\n\n\n\n<li>Eine Akupressur Massage<\/li>\n\n\n\n<li>Heimpflege-Produkte f\u00fcr zu Hause im Wert<\/li>\n<\/ul>\n\n\n\n<p>Die folgenden Beispiele zeigen Erfolge, die mit diesen Behandlungen bereits erzielt werden konnten. (Kein Photoshop)<\/p>\n\n\n\n<h4 class=\"wp-block-heading\">Faltenbehandlung um die Augen<\/h4>\n\n\n\n\t\t\t\n\t<style type=\"text\/css\">\n\t\t.slider-info-923.bafg-slider-info .bafg-slider-title {\n\t\t\t\t\t\t\tfont-size:\n\t\t\t\t\t22px\t\t\t\t;\n\t\t\t\n\t\t\t\n\t\t\t\t\t}\n\n\t\t.slider-info-923.bafg-slider-info .bafg-slider-description {\n\t\t\t\n\t\t\t\n\t\t\t\t\t}\n\t\t\n\t\t\n\t\t.slider-info-923.bafg-slider-info .bafg_slider_readmore_button {\n\t\t\t\n\t\t\t\n\t\t\t\n\t\t\t\n\t\t\t\n\t\t\ttext-align: center;\n\n\t\t\t\n\t\t\t\n\t\t\t\n\t\t\t\n\t\t\t\t\t}\n\n\t\t.slider-info-923.bafg-slider-info .bafg_slider_readmore_button:hover {\n\n\t\t\t\n\t\t\t\n\t\t\t\t\t}\n\t<\/style>\n\t\n\t\t\t<div class=\"bafg-twentytwenty-container slider-923  \"\n\t\t\t\tbafg-orientation=\"vertical\" bafg-default-offset=\"0.5\"\n\t\t\t\tbafg-before-label=\"Vorher\"\n\t\t\t\tbafg-after-label=\"Nachher\" bafg-overlay=\"1\"\n\t\t\t\tbafg-move-slider-on-hover=\"\"\n\t\t\t\tbafg-click-to-move=\"\">\n\n\t\t\t\t\t\t\t\t<img class=\"skip-lazy\" data-skip-lazy\t\t\t\t\tsrc=\"https:\/\/www.bellissimakosmetik.de\/wp-content\/uploads\/2024\/01\/cellular-vorher.jpg\" alt=\"Vorher\">\n\t\t\t\t<img class=\"skip-lazy\" data-skip-lazy\t\t\t\t\tsrc=\"https:\/\/www.bellissimakosmetik.de\/wp-content\/uploads\/2024\/01\/cellular-nachher.jpg\" alt=\"Nachher\">\n\n\t\t\t<\/div>\n\n\t\t\t\t<div class=\"bafg-slider-info-wraper\">\n\t\t<div style=\"\" class=\"slider-info-923 bafg-slider-info\">\n\t\t\t\t\t\t\t<div class=\"bafg-slider-description\">\n\t\t\t\t\tBilder: Kleanthous\t\t\t\t<\/div>\n\t\t\t\t\t\t<\/div>\n\t<\/div>\n\t\n\t\t\t<style type=\"text\/css\">\n\t\t\t\t\t\t\t\t\t\t\t<\/style>\n\t\t\t\n\n\n\n<h4 class=\"wp-block-heading\">Lippenbooster-Behandlung<\/h4>\n\n\n\n\t\t\t\n\t<style type=\"text\/css\">\n\t\t.slider-info-929.bafg-slider-info .bafg-slider-title {\n\t\t\t\t\t\t\tfont-size:\n\t\t\t\t\t22px\t\t\t\t;\n\t\t\t\n\t\t\t\n\t\t\t\t\t}\n\n\t\t.slider-info-929.bafg-slider-info .bafg-slider-description {\n\t\t\t\n\t\t\t\n\t\t\t\t\t}\n\t\t\n\t\t\n\t\t.slider-info-929.bafg-slider-info .bafg_slider_readmore_button {\n\t\t\t\n\t\t\t\n\t\t\t\n\t\t\t\n\t\t\t\n\t\t\ttext-align: center;\n\n\t\t\t\n\t\t\t\n\t\t\t\n\t\t\t\n\t\t\t\t\t}\n\n\t\t.slider-info-929.bafg-slider-info .bafg_slider_readmore_button:hover {\n\n\t\t\t\n\t\t\t\n\t\t\t\t\t}\n\t<\/style>\n\t\n\t\t\t<div class=\"bafg-twentytwenty-container slider-929  \"\n\t\t\t\tbafg-orientation=\"horizontal\" bafg-default-offset=\"0.5\"\n\t\t\t\tbafg-before-label=\"Vorher\"\n\t\t\t\tbafg-after-label=\"Nachher\" bafg-overlay=\"1\"\n\t\t\t\tbafg-move-slider-on-hover=\"\"\n\t\t\t\tbafg-click-to-move=\"\">\n\n\t\t\t\t\t\t\t\t<img class=\"skip-lazy\" data-skip-lazy\t\t\t\t\tsrc=\"https:\/\/www.bellissimakosmetik.de\/wp-content\/uploads\/2024\/01\/lippen-csilla-vorher.jpeg\" alt=\"Vorher\">\n\t\t\t\t<img class=\"skip-lazy\" data-skip-lazy\t\t\t\t\tsrc=\"https:\/\/www.bellissimakosmetik.de\/wp-content\/uploads\/2024\/01\/lippen-csilla-nachher.jpeg\" alt=\"Nachher\">\n\n\t\t\t<\/div>\n\n\t\t\t\t<div class=\"bafg-slider-info-wraper\">\n\t\t<div style=\"\" class=\"slider-info-929 bafg-slider-info\">\n\t\t\t\t\t\t\t<div class=\"bafg-slider-description\">\n\t\t\t\t\tBilder: Kleanthous\t\t\t\t<\/div>\n\t\t\t\t\t\t<\/div>\n\t<\/div>\n\t\n\t\t\t<style type=\"text\/css\">\n\t\t\t\t\t\t\t\t\t\t\t<\/style>\n\t\t\t\n\n\n\n<h4 class=\"wp-block-heading\"><strong>\u00dcber c.s.m. (cell supporting molecules)<\/strong><\/h4>\n\n\n\n<ul class=\"wp-block-list\">\n<li>Sind Informationstr\u00e4ger f\u00fcr die Zellregeneration. Ihre Zahl nimmt mit zunehmendem Alter ab und verringern damit die Regenerationsf\u00e4higkeit.<\/li>\n\n\n\n<li>Sind die Basis f\u00fcr echtes Anti-Aging: Durch ihren Zusatz in den KLEANTHOUS Pflege-Produkten wird der Zellstoffwechsel unterst\u00fctzt und die Haut langanhaltend regeneriert und verj\u00fcngt.<\/li>\n\n\n\n<li>Helfen der Haut, ihr nat\u00fcrliches Teilungspotenzial besser zu nutzen und dabei vermehrt Collagen und Elastin zu produzieren.<\/li>\n\n\n\n<li>Egal ob Falten, Tr\u00e4nens\u00e4cke, erschlafftes Gewebe oder sogar Haarausfall: mit c.s.m. erreichen wir eine langfristige und zuverl\u00e4ssige Regeneration der Zellfunktionen.<\/li>\n<\/ul>\n\n\n\n<h4 class=\"wp-block-heading\">Dermatologisch getestet und Wirksamkeit nachgewiesen<\/h4>\n\n\n\n<p>Das Sono beauty lifting wurde dermatologisch getestet und dabei wurde auch seine Wirksamkeit nachgewiesen. Bei einer fach\u00e4rztlichen Kontrolle wurde eine ausgezeichnete Hautvertr\u00e4glichkeit und eine Verbesserung der Hautunreinheit um bis zu 33 % festgestellt.<\/p>\n\n\n\n<figure class=\"wp-block-image size-large\"><img loading=\"lazy\" decoding=\"async\" width=\"715\" height=\"1024\" src=\"https:\/\/www.bellissimakosmetik.de\/wp-content\/uploads\/2023\/11\/wirksamkeitsnachweis\u2013sono-715x1024.jpeg\" alt=\"\" class=\"wp-image-871\" srcset=\"https:\/\/www.bellissimakosmetik.de\/wp-content\/uploads\/2023\/11\/wirksamkeitsnachweis\u2013sono-715x1024.jpeg 715w, https:\/\/www.bellissimakosmetik.de\/wp-content\/uploads\/2023\/11\/wirksamkeitsnachweis\u2013sono-210x300.jpeg 210w, https:\/\/www.bellissimakosmetik.de\/wp-content\/uploads\/2023\/11\/wirksamkeitsnachweis\u2013sono-768x1099.jpeg 768w, https:\/\/www.bellissimakosmetik.de\/wp-content\/uploads\/2023\/11\/wirksamkeitsnachweis\u2013sono-1073x1536.jpeg 1073w, https:\/\/www.bellissimakosmetik.de\/wp-content\/uploads\/2023\/11\/wirksamkeitsnachweis\u2013sono-1431x2048.jpeg 1431w, https:\/\/www.bellissimakosmetik.de\/wp-content\/uploads\/2023\/11\/wirksamkeitsnachweis\u2013sono-scaled.jpeg 1789w\" sizes=\"auto, (max-width: 715px) 100vw, 715px\" \/><\/figure>\n\n\n\n<div style=\"height:50px\" aria-hidden=\"true\" class=\"wp-block-spacer\"><\/div>\n\n\n\n<figure class=\"wp-block-image size-full\" id=\"Skin-Sensation\"><img loading=\"lazy\" decoding=\"async\" width=\"754\" height=\"521\" src=\"https:\/\/www.bellissimakosmetik.de\/wp-content\/uploads\/2025\/06\/Behandlung-Skin-Sensation-no-text.jpg\" alt=\"Skin Sensation\" class=\"wp-image-1152\" srcset=\"https:\/\/www.bellissimakosmetik.de\/wp-content\/uploads\/2025\/06\/Behandlung-Skin-Sensation-no-text.jpg 754w, https:\/\/www.bellissimakosmetik.de\/wp-content\/uploads\/2025\/06\/Behandlung-Skin-Sensation-no-text-300x207.jpg 300w\" sizes=\"auto, (max-width: 754px) 100vw, 754px\" \/><figcaption class=\"wp-element-caption\">Bild: Kleanthous<\/figcaption><\/figure>\n\n\n\n<h4 class=\"wp-block-heading\">Skin Sensation<\/h4>\n\n\n\n<p>Eine Kosmetikbehandlung nach Kleanthous. Der aus der Behandlung hervorgehende Wirkstoffmix kombiniert Detox, Whitening und Zellregeneration.<\/p>\n\n\n\n<p>Das Ergebnis: ein rosiger Teint und gegl\u00e4ttete mimische Falten. Wegen der soffwechself\u00f6rdernden Inhaltsstoffe verbessert sich das Hautbild noch Tage nach der Anwendung.<\/p>\n\n\n\n<p>Behandlung beinhaltet<\/p>\n\n\n\n<ul class=\"wp-block-list\">\n<li>Reinigung<\/li>\n\n\n\n<li>Detoxmaske<\/li>\n\n\n\n<li>Prickelmaske<\/li>\n\n\n\n<li>c.s.m. Serum f\u00fcr viel Feuchtigkeit und straffend<\/li>\n\n\n\n<li>sono<\/li>\n\n\n\n<li>Massage mit Wirkstoffcreme<\/li>\n\n\n\n<li>Empfehlung f\u00fcr die Heimpflege<\/li>\n<\/ul>\n\n\n\n<p>Das Ergebnis wird Sie \u00fcberraschen!<\/p>\n\n\n\n<p><\/p>\n","protected":false},"excerpt":{"rendered":"<p>24\/7 sono solution Gesichtsbehandlung \u00bb24\/7 sono solution\u00ab von Kleanthous ist eine effektive Behandlung mit schneller Wirksamkeit. Sie enth\u00e4lt: Sono beauty lifting Gesichtsbehandlung Das \u00bbSono beauty lifting\u00ab ist eine Regenerationskur, die &#8230;<\/p>\n","protected":false},"author":1,"featured_media":814,"parent":522,"menu_order":0,"comment_status":"closed","ping_status":"closed","template":"","meta":{"footnotes":""},"class_list":["post-793","page","type-page","status-publish","has-post-thumbnail","hentry"],"_links":{"self":[{"href":"https:\/\/www.bellissimakosmetik.de\/index.php\/wp-json\/wp\/v2\/pages\/793","targetHints":{"allow":["GET"]}}],"collection":[{"href":"https:\/\/www.bellissimakosmetik.de\/index.php\/wp-json\/wp\/v2\/pages"}],"about":[{"href":"https:\/\/www.bellissimakosmetik.de\/index.php\/wp-json\/wp\/v2\/types\/page"}],"author":[{"embeddable":true,"href":"https:\/\/www.bellissimakosmetik.de\/index.php\/wp-json\/wp\/v2\/users\/1"}],"replies":[{"embeddable":true,"href":"https:\/\/www.bellissimakosmetik.de\/index.php\/wp-json\/wp\/v2\/comments?post=793"}],"version-history":[{"count":42,"href":"https:\/\/www.bellissimakosmetik.de\/index.php\/wp-json\/wp\/v2\/pages\/793\/revisions"}],"predecessor-version":[{"id":1165,"href":"https:\/\/www.bellissimakosmetik.de\/index.php\/wp-json\/wp\/v2\/pages\/793\/revisions\/1165"}],"up":[{"embeddable":true,"href":"https:\/\/www.bellissimakosmetik.de\/index.php\/wp-json\/wp\/v2\/pages\/522"}],"wp:featuredmedia":[{"embeddable":true,"href":"https:\/\/www.bellissimakosmetik.de\/index.php\/wp-json\/wp\/v2\/media\/814"}],"wp:attachment":[{"href":"https:\/\/www.bellissimakosmetik.de\/index.php\/wp-json\/wp\/v2\/media?parent=793"}],"curies":[{"name":"wp","href":"https:\/\/api.w.org\/{rel}","templated":true}]}}